{"id":58,"date":"2024-01-30T11:36:35","date_gmt":"2024-01-30T10:36:35","guid":{"rendered":"https:\/\/lesassembleurs.asb-digital.fr\/?page_id=58"},"modified":"2024-04-11T16:46:55","modified_gmt":"2024-04-11T14:46:55","slug":"la-franchise","status":"publish","type":"page","link":"https:\/\/www.lesassembleurs.fr\/en\/la-franchise\/","title":{"rendered":"Franchise"},"content":{"rendered":"<div data-elementor-type=\"wp-page\" data-elementor-id=\"58\" class=\"elementor elementor-58\" data-elementor-post-type=\"page\">\n\t\t\t\t\t\t<section class=\"elementor-section elementor-top-section elementor-element elementor-element-8480d26 elementor-section-height-min-height elementor-section-content-middle elementor-section-boxed elementor-section-height-default elementor-section-items-middle wpr-particle-no wpr-jarallax-no wpr-parallax-no wpr-sticky-section-no elementor-invisible\" data-id=\"8480d26\" data-element_type=\"section\" data-settings=\"{&quot;background_background&quot;:&quot;slideshow&quot;,&quot;motion_fx_motion_fx_scrolling&quot;:&quot;yes&quot;,&quot;animation&quot;:&quot;fadeIn&quot;,&quot;background_slideshow_gallery&quot;:[{&quot;id&quot;:2647,&quot;url&quot;:&quot;https:\\\/\\\/www.lesassembleurs.fr\\\/wp-content\\\/uploads\\\/2024\\\/03\\\/expertise-les-assembleurs_00.jpg&quot;},{&quot;id&quot;:2646,&quot;url&quot;:&quot;https:\\\/\\\/www.lesassembleurs.fr\\\/wp-content\\\/uploads\\\/2024\\\/03\\\/franchise-les-assembleurs_04.jpg&quot;},{&quot;id&quot;:2643,&quot;url&quot;:&quot;https:\\\/\\\/www.lesassembleurs.fr\\\/wp-content\\\/uploads\\\/2024\\\/03\\\/franchise-les-assembleurs_01.jpg&quot;},{&quot;id&quot;:2642,&quot;url&quot;:&quot;https:\\\/\\\/www.lesassembleurs.fr\\\/wp-content\\\/uploads\\\/2024\\\/03\\\/franchise-les-assembleurs_00.jpg&quot;}],&quot;background_slideshow_transition_duration&quot;:1000,&quot;background_slideshow_lazyload&quot;:&quot;yes&quot;,&quot;background_slideshow_ken_burns&quot;:&quot;yes&quot;,&quot;background_slideshow_loop&quot;:&quot;yes&quot;,&quot;background_slideshow_slide_duration&quot;:5000,&quot;background_slideshow_slide_transition&quot;:&quot;fade&quot;,&quot;background_slideshow_ken_burns_zoom_direction&quot;:&quot;in&quot;,&quot;motion_fx_devices&quot;:[&quot;widescreen&quot;,&quot;desktop&quot;,&quot;laptop&quot;,&quot;tablet_extra&quot;,&quot;tablet&quot;,&quot;mobile_extra&quot;,&quot;mobile&quot;]}\">\n\t\t\t\t\t\t\t<div class=\"elementor-background-overlay\"><\/div>\n\t\t\t\t\t\t\t<div class=\"elementor-container elementor-column-gap-default\">\n\t\t\t\t\t<div class=\"elementor-column elementor-col-100 elementor-top-column elementor-element elementor-element-de34296\" data-id=\"de34296\" data-element_type=\"column\">\n\t\t\t<div class=\"elementor-widget-wrap elementor-element-populated\">\n\t\t\t\t\t\t<div class=\"elementor-element elementor-element-f1eba15 elementor-invisible elementor-widget elementor-widget-image\" data-id=\"f1eba15\" data-element_type=\"widget\" data-settings=\"{&quot;_animation&quot;:&quot;fadeIn&quot;}\" data-widget_type=\"image.default\">\n\t\t\t\t<div class=\"elementor-widget-container\">\n\t\t\t<style>\/*! elementor - v3.20.0 - 10-04-2024 *\/\n.elementor-widget-image{text-align:center}.elementor-widget-image a{display:inline-block}.elementor-widget-image a img[src$=\".svg\"]{width:48px}.elementor-widget-image img{vertical-align:middle;display:inline-block}<\/style>\t\t\t\t\t\t\t\t\t\t<img decoding=\"async\" width=\"130\" height=\"130\" src=\"https:\/\/www.lesassembleurs.fr\/wp-content\/uploads\/2024\/01\/logo-les-assembleurs.svg\" class=\"attachment-large size-large wp-image-27\" alt=\"Les Assembleurs\" \/>\t\t\t\t\t\t\t\t\t\t\t\t\t<\/div>\n\t\t\t\t<\/div>\n\t\t\t\t<div class=\"elementor-element elementor-element-c078d7d elementor-invisible elementor-widget elementor-widget-heading\" data-id=\"c078d7d\" data-element_type=\"widget\" data-settings=\"{&quot;_animation&quot;:&quot;fadeInDown&quot;}\" data-widget_type=\"heading.default\">\n\t\t\t\t<div class=\"elementor-widget-container\">\n\t\t\t<style>\/*! elementor - v3.20.0 - 10-04-2024 *\/\n.elementor-heading-title{padding:0;margin:0;line-height:1}.elementor-widget-heading .elementor-heading-title[class*=elementor-size-]>a{color:inherit;font-size:inherit;line-height:inherit}.elementor-widget-heading .elementor-heading-title.elementor-size-small{font-size:15px}.elementor-widget-heading .elementor-heading-title.elementor-size-medium{font-size:19px}.elementor-widget-heading .elementor-heading-title.elementor-size-large{font-size:29px}.elementor-widget-heading .elementor-heading-title.elementor-size-xl{font-size:39px}.elementor-widget-heading .elementor-heading-title.elementor-size-xxl{font-size:59px}<\/style><h1 class=\"elementor-heading-title elementor-size-default\">Franchise restaurant et bar \u00e0 vin<\/h1>\t\t<\/div>\n\t\t\t\t<\/div>\n\t\t\t\t<div class=\"elementor-element elementor-element-fdfe179 elementor-invisible elementor-widget elementor-widget-heading\" data-id=\"fdfe179\" data-element_type=\"widget\" data-settings=\"{&quot;_animation&quot;:&quot;fadeInUp&quot;}\" data-widget_type=\"heading.default\">\n\t\t\t\t<div class=\"elementor-widget-container\">\n\t\t\t<h2 class=\"elementor-heading-title elementor-size-default\">The franchise<\/h2>\t\t<\/div>\n\t\t\t\t<\/div>\n\t\t\t\t\t<\/div>\n\t\t<\/div>\n\t\t\t\t\t<\/div>\n\t\t<\/section>\n\t\t\t\t<section class=\"elementor-section elementor-top-section elementor-element elementor-element-7bd8050 elementor-section-boxed elementor-section-height-default elementor-section-height-default wpr-particle-no wpr-jarallax-no wpr-parallax-no wpr-sticky-section-no\" data-id=\"7bd8050\" data-element_type=\"section\">\n\t\t\t\t\t\t<div class=\"elementor-container elementor-column-gap-default\">\n\t\t\t\t\t<div class=\"elementor-column elementor-col-50 elementor-top-column elementor-element elementor-element-2422e2d\" data-id=\"2422e2d\" data-element_type=\"column\">\n\t\t\t<div class=\"elementor-widget-wrap elementor-element-populated\">\n\t\t\t\t\t\t<div class=\"elementor-element elementor-element-fe328ce elementor-widget elementor-widget-breadcrumbs\" data-id=\"fe328ce\" data-element_type=\"widget\" data-widget_type=\"breadcrumbs.default\">\n\t\t\t\t<div class=\"elementor-widget-container\">\n\t\t\t<link rel=\"stylesheet\" href=\"https:\/\/www.lesassembleurs.fr\/wp-content\/plugins\/elementor-pro\/assets\/css\/widget-theme-elements.min.css\"><div id=\"breadcrumbs\"><span><span><a href=\"https:\/\/www.lesassembleurs.fr\/en\/\">Home<\/a><\/span><\/span><\/div>\t\t<\/div>\n\t\t\t\t<\/div>\n\t\t\t\t<div class=\"elementor-element elementor-element-40a1f87 elementor-widget elementor-widget-heading\" data-id=\"40a1f87\" data-element_type=\"widget\" data-widget_type=\"heading.default\">\n\t\t\t\t<div class=\"elementor-widget-container\">\n\t\t\t<h2 class=\"elementor-heading-title elementor-size-default\"><span class=\"word-title\">Rejoindre<\/span> l'aventure des Assembleurs<\/h2>\t\t<\/div>\n\t\t\t\t<\/div>\n\t\t\t\t<div class=\"elementor-element elementor-element-50f4633 elementor-widget elementor-widget-text-editor\" data-id=\"50f4633\" data-element_type=\"widget\" data-widget_type=\"text-editor.default\">\n\t\t\t\t<div class=\"elementor-widget-container\">\n\t\t\t<style>\/*! elementor - v3.20.0 - 10-04-2024 *\/\n.elementor-widget-text-editor.elementor-drop-cap-view-stacked .elementor-drop-cap{background-color:#69727d;color:#fff}.elementor-widget-text-editor.elementor-drop-cap-view-framed .elementor-drop-cap{color:#69727d;border:3px solid;background-color:transparent}.elementor-widget-text-editor:not(.elementor-drop-cap-view-default) .elementor-drop-cap{margin-top:8px}.elementor-widget-text-editor:not(.elementor-drop-cap-view-default) .elementor-drop-cap-letter{width:1em;height:1em}.elementor-widget-text-editor .elementor-drop-cap{float:left;text-align:center;line-height:1;font-size:50px}.elementor-widget-text-editor .elementor-drop-cap-letter{display:inline-block}<\/style>\t\t\t\t<p>D\u00e9couvrez les avantages de rejoindre Les Assembleurs : une notori\u00e9t\u00e9 croissante et une image de marque solide. Nous vous soutenons \u00e0 chaque \u00e9tape de votre projet, du lancement \u00e0 la croissance de votre entreprise. B\u00e9n\u00e9ficiez de notre expertise et de notre r\u00e9seau de fournisseurs, ainsi que d&rsquo;un accompagnement personnalis\u00e9 en communication. Pr\u00eat \u00e0 embarquer dans l&rsquo;aventure ?<\/p>\t\t\t\t\t\t<\/div>\n\t\t\t\t<\/div>\n\t\t\t\t<div class=\"elementor-element elementor-element-7c01200 elementor-widget elementor-widget-image\" data-id=\"7c01200\" data-element_type=\"widget\" data-widget_type=\"image.default\">\n\t\t\t\t<div class=\"elementor-widget-container\">\n\t\t\t\t\t\t\t\t\t\t\t\t\t<img fetchpriority=\"high\" decoding=\"async\" width=\"800\" height=\"534\" src=\"https:\/\/www.lesassembleurs.fr\/wp-content\/uploads\/2024\/02\/les_assembleurs_interior_romainchambodut-compressed-1024x683.jpg\" class=\"attachment-large size-large wp-image-808\" alt=\"D\u00e9gustation de vin Lyon\" srcset=\"https:\/\/www.lesassembleurs.fr\/wp-content\/uploads\/2024\/02\/les_assembleurs_interior_romainchambodut-compressed-1024x683.jpg 1024w, https:\/\/www.lesassembleurs.fr\/wp-content\/uploads\/2024\/02\/les_assembleurs_interior_romainchambodut-compressed-300x200.jpg 300w, https:\/\/www.lesassembleurs.fr\/wp-content\/uploads\/2024\/02\/les_assembleurs_interior_romainchambodut-compressed-768x512.jpg 768w, https:\/\/www.lesassembleurs.fr\/wp-content\/uploads\/2024\/02\/les_assembleurs_interior_romainchambodut-compressed-1536x1024.jpg 1536w, https:\/\/www.lesassembleurs.fr\/wp-content\/uploads\/2024\/02\/les_assembleurs_interior_romainchambodut-compressed.jpg 1620w\" sizes=\"(max-width: 800px) 100vw, 800px\" \/>\t\t\t\t\t\t\t\t\t\t\t\t\t<\/div>\n\t\t\t\t<\/div>\n\t\t\t\t\t<\/div>\n\t\t<\/div>\n\t\t\t\t<div class=\"elementor-column elementor-col-50 elementor-top-column elementor-element elementor-element-5147a51\" data-id=\"5147a51\" data-element_type=\"column\">\n\t\t\t<div class=\"elementor-widget-wrap elementor-element-populated\">\n\t\t\t\t\t\t<div class=\"elementor-element elementor-element-07003ba elementor-hidden-mobile_extra elementor-hidden-mobile elementor-widget elementor-widget-image\" data-id=\"07003ba\" data-element_type=\"widget\" data-widget_type=\"image.default\">\n\t\t\t\t<div class=\"elementor-widget-container\">\n\t\t\t\t\t\t\t\t\t\t\t\t\t<img decoding=\"async\" width=\"570\" height=\"890\" src=\"https:\/\/www.lesassembleurs.fr\/wp-content\/uploads\/2024\/03\/franchise-bp-4.jpg\" class=\"attachment-1536x1536 size-1536x1536 wp-image-2689\" alt=\"Franchise Restaurants Les Assembleurs\" srcset=\"https:\/\/www.lesassembleurs.fr\/wp-content\/uploads\/2024\/03\/franchise-bp-4.jpg 570w, https:\/\/www.lesassembleurs.fr\/wp-content\/uploads\/2024\/03\/franchise-bp-4-192x300.jpg 192w, https:\/\/www.lesassembleurs.fr\/wp-content\/uploads\/2024\/03\/elementor\/thumbs\/franchise-bp-4-qkwungx5h9uj3015lxhm6biu7rhbg4yv1h75ncwh9s.jpg 384w\" sizes=\"(max-width: 570px) 100vw, 570px\" \/>\t\t\t\t\t\t\t\t\t\t\t\t\t<\/div>\n\t\t\t\t<\/div>\n\t\t\t\t\t<\/div>\n\t\t<\/div>\n\t\t\t\t\t<\/div>\n\t\t<\/section>\n\t\t\t\t<section class=\"elementor-section elementor-top-section elementor-element elementor-element-262c889 elementor-section-boxed elementor-section-height-default elementor-section-height-default wpr-particle-no wpr-jarallax-no wpr-parallax-no wpr-sticky-section-no\" data-id=\"262c889\" data-element_type=\"section\">\n\t\t\t\t\t\t<div class=\"elementor-container elementor-column-gap-default\">\n\t\t\t\t\t<div class=\"elementor-column elementor-col-100 elementor-top-column elementor-element elementor-element-6c47639\" data-id=\"6c47639\" data-element_type=\"column\" data-settings=\"{&quot;background_background&quot;:&quot;classic&quot;}\">\n\t\t\t<div class=\"elementor-widget-wrap elementor-element-populated\">\n\t\t\t\t\t<div class=\"elementor-background-overlay\"><\/div>\n\t\t\t\t\t\t<div class=\"elementor-element elementor-element-263d06d elementor-headline--style-highlight elementor-invisible elementor-widget elementor-widget-animated-headline\" data-id=\"263d06d\" data-element_type=\"widget\" data-settings=\"{&quot;marker&quot;:&quot;underline&quot;,&quot;highlighted_text&quot;:&quot;Devenir franchis\\u00e9&quot;,&quot;_animation&quot;:&quot;fadeInDown&quot;,&quot;headline_style&quot;:&quot;highlight&quot;,&quot;loop&quot;:&quot;yes&quot;,&quot;highlight_animation_duration&quot;:1200,&quot;highlight_iteration_delay&quot;:8000}\" data-widget_type=\"animated-headline.default\">\n\t\t\t\t<div class=\"elementor-widget-container\">\n\t\t\t<link rel=\"stylesheet\" href=\"https:\/\/www.lesassembleurs.fr\/wp-content\/plugins\/elementor-pro\/assets\/css\/widget-animated-headline.min.css\">\t\t<h2 class=\"elementor-headline\">\n\t\t\t\t<span class=\"elementor-headline-dynamic-wrapper elementor-headline-text-wrapper\">\n\t\t\t\t\t<span class=\"elementor-headline-dynamic-text elementor-headline-text-active\">Devenir franchis\u00e9<\/span>\n\t\t\t\t<\/span>\n\t\t\t\t<\/h2>\n\t\t\t\t<\/div>\n\t\t\t\t<\/div>\n\t\t\t\t<div class=\"elementor-element elementor-element-f5ba2b7 elementor-widget elementor-widget-text-editor\" data-id=\"f5ba2b7\" data-element_type=\"widget\" data-widget_type=\"text-editor.default\">\n\t\t\t\t<div class=\"elementor-widget-container\">\n\t\t\t\t\t\t\t<p>D\u00e9couvrez notre expansion avec la licence de marque Les Assembleurs : pionniers dans la cr\u00e9ation de lieux d\u00e9di\u00e9s au vin \u00e0 la pression, enti\u00e8rement g\u00e9r\u00e9s en interne. Une opportunit\u00e9 unique dans le secteur de la restauration en France.<\/p>\t\t\t\t\t\t<\/div>\n\t\t\t\t<\/div>\n\t\t\t\t<div class=\"elementor-element elementor-element-88ebb4b elementor-align-center btn-3d elementor-invisible elementor-widget elementor-widget-button\" data-id=\"88ebb4b\" data-element_type=\"widget\" data-settings=\"{&quot;_animation&quot;:&quot;fadeInUp&quot;}\" data-widget_type=\"button.default\">\n\t\t\t\t<div class=\"elementor-widget-container\">\n\t\t\t\t\t<div class=\"elementor-button-wrapper\">\n\t\t\t<a class=\"elementor-button elementor-button-link elementor-size-sm\" href=\"https:\/\/www.lesassembleurs.fr\/en\/contact\/\">\n\t\t\t\t\t\t<span class=\"elementor-button-content-wrapper\">\n\t\t\t\t\t\t<span class=\"elementor-button-icon elementor-align-icon-right\">\n\t\t\t\t<svg aria-hidden=\"true\" class=\"e-font-icon-svg e-fas-arrow-right\" viewbox=\"0 0 448 512\" xmlns=\"http:\/\/www.w3.org\/2000\/svg\"><path d=\"M190.5 66.9l22.2-22.2c9.4-9.4 24.6-9.4 33.9 0L441 239c9.4 9.4 9.4 24.6 0 33.9L246.6 467.3c-9.4 9.4-24.6 9.4-33.9 0l-22.2-22.2c-9.5-9.5-9.3-25 .4-34.3L311.4 296H24c-13.3 0-24-10.7-24-24v-32c0-13.3 10.7-24 24-24h287.4L190.9 101.2c-9.8-9.3-10-24.8-.4-34.3z\"><\/path><\/svg>\t\t\t<\/span>\n\t\t\t\t\t\t<span class=\"elementor-button-text\">Contact<\/span>\n\t\t<\/span>\n\t\t\t\t\t<\/a>\n\t\t<\/div>\n\t\t\t\t<\/div>\n\t\t\t\t<\/div>\n\t\t\t\t\t<\/div>\n\t\t<\/div>\n\t\t\t\t\t<\/div>\n\t\t<\/section>\n\t\t\t\t<\/div>","protected":false},"excerpt":{"rendered":"<p>Franchise restaurant et bar \u00e0 vin La franchise Rejoindre l&rsquo;aventure des Assembleurs D\u00e9couvrez les avantages de rejoindre Les Assembleurs : une notori\u00e9t\u00e9 croissante et une image de marque solide. Nous vous soutenons \u00e0 chaque \u00e9tape de votre projet, du lancement \u00e0 la croissance de votre entreprise. B\u00e9n\u00e9ficiez de notre expertise et de notre r\u00e9seau de [&hellip;]<\/p>","protected":false},"author":1,"featured_media":0,"parent":0,"menu_order":0,"comment_status":"closed","ping_status":"closed","template":"","meta":{"footnotes":""},"class_list":["post-58","page","type-page","status-publish","hentry"],"yoast_head":"<!-- This site is optimized with the Yoast SEO plugin v22.4 - https:\/\/yoast.com\/wordpress\/plugins\/seo\/ -->\n<title>Devenez franchis\u00e9 d&#039;un restaurant \u00e0 Lyon | Les Assembleurs<\/title>\n<meta name=\"description\" content=\"Devenez franchis\u00e9 du concept Les Assembleurs et partagez avec nous la passion du vin et de la restauration en cr\u00e9ant votre propre restaurant.\" \/>\n<meta name=\"robots\" content=\"index, follow, max-snippet:-1, max-image-preview:large, max-video-preview:-1\" \/>\n<link rel=\"canonical\" href=\"https:\/\/www.lesassembleurs.fr\/en\/la-franchise\/\" \/>\n<meta property=\"og:locale\" content=\"en_US\" \/>\n<meta property=\"og:type\" content=\"article\" \/>\n<meta property=\"og:title\" content=\"Devenez franchis\u00e9 d&#039;un restaurant \u00e0 Lyon | Les Assembleurs\" \/>\n<meta property=\"og:description\" content=\"Devenez franchis\u00e9 du concept Les Assembleurs et partagez avec nous la passion du vin et de la restauration en cr\u00e9ant votre propre restaurant.\" \/>\n<meta property=\"og:url\" content=\"https:\/\/www.lesassembleurs.fr\/en\/la-franchise\/\" \/>\n<meta property=\"og:site_name\" content=\"Les Assembleurs - Restaurants\" \/>\n<meta property=\"article:modified_time\" content=\"2024-04-11T14:46:55+00:00\" \/>\n<meta property=\"og:image\" content=\"https:\/\/www.lesassembleurs.fr\/wp-content\/uploads\/2024\/01\/logo-les-assembleurs.svg\" \/>\n<meta name=\"twitter:card\" content=\"summary_large_image\" \/>\n<meta name=\"twitter:label1\" content=\"Est. reading time\" \/>\n\t<meta name=\"twitter:data1\" content=\"2 minutes\" \/>\n<script type=\"application\/ld+json\" class=\"yoast-schema-graph\">{\"@context\":\"https:\/\/schema.org\",\"@graph\":[{\"@type\":\"WebPage\",\"@id\":\"https:\/\/www.lesassembleurs.fr\/la-franchise\/\",\"url\":\"https:\/\/www.lesassembleurs.fr\/la-franchise\/\",\"name\":\"Devenez franchis\u00e9 d'un restaurant \u00e0 Lyon | Les Assembleurs\",\"isPartOf\":{\"@id\":\"https:\/\/www.lesassembleurs.fr\/#website\"},\"primaryImageOfPage\":{\"@id\":\"https:\/\/www.lesassembleurs.fr\/la-franchise\/#primaryimage\"},\"image\":{\"@id\":\"https:\/\/www.lesassembleurs.fr\/la-franchise\/#primaryimage\"},\"thumbnailUrl\":\"https:\/\/www.lesassembleurs.fr\/wp-content\/uploads\/2024\/01\/logo-les-assembleurs.svg\",\"datePublished\":\"2024-01-30T10:36:35+00:00\",\"dateModified\":\"2024-04-11T14:46:55+00:00\",\"description\":\"Devenez franchis\u00e9 du concept Les Assembleurs et partagez avec nous la passion du vin et de la restauration en cr\u00e9ant votre propre restaurant.\",\"breadcrumb\":{\"@id\":\"https:\/\/www.lesassembleurs.fr\/la-franchise\/#breadcrumb\"},\"inLanguage\":\"en-US\",\"potentialAction\":[{\"@type\":\"ReadAction\",\"target\":[\"https:\/\/www.lesassembleurs.fr\/la-franchise\/\"]}]},{\"@type\":\"ImageObject\",\"inLanguage\":\"en-US\",\"@id\":\"https:\/\/www.lesassembleurs.fr\/la-franchise\/#primaryimage\",\"url\":\"https:\/\/www.lesassembleurs.fr\/wp-content\/uploads\/2024\/01\/logo-les-assembleurs.svg\",\"contentUrl\":\"https:\/\/www.lesassembleurs.fr\/wp-content\/uploads\/2024\/01\/logo-les-assembleurs.svg\"},{\"@type\":\"BreadcrumbList\",\"@id\":\"https:\/\/www.lesassembleurs.fr\/la-franchise\/#breadcrumb\",\"itemListElement\":[{\"@type\":\"ListItem\",\"position\":1,\"name\":\"Accueil\",\"item\":\"https:\/\/www.lesassembleurs.fr\/\"},{\"@type\":\"ListItem\",\"position\":2,\"name\":\"La Franchise\"}]},{\"@type\":\"WebSite\",\"@id\":\"https:\/\/www.lesassembleurs.fr\/#website\",\"url\":\"https:\/\/www.lesassembleurs.fr\/\",\"name\":\"Les Assembleurs - Restaurants\",\"description\":\"Bar \u00e0 vins - Restaurant \u00e0 Lyon, Les Assembleurs proposent une cuisine simple et gourmande pour d\u00e9jeuner et 18 assemblages de vins \u00e0 la tireuses \u00e0 d\u00e9couvrir dans une ambiance simple et conviviale.\",\"publisher\":{\"@id\":\"https:\/\/www.lesassembleurs.fr\/#organization\"},\"potentialAction\":[{\"@type\":\"SearchAction\",\"target\":{\"@type\":\"EntryPoint\",\"urlTemplate\":\"https:\/\/www.lesassembleurs.fr\/?s={search_term_string}\"},\"query-input\":\"required name=search_term_string\"}],\"inLanguage\":\"en-US\"},{\"@type\":\"Organization\",\"@id\":\"https:\/\/www.lesassembleurs.fr\/#organization\",\"name\":\"Les Assembleurs - Restaurants\",\"url\":\"https:\/\/www.lesassembleurs.fr\/\",\"logo\":{\"@type\":\"ImageObject\",\"inLanguage\":\"en-US\",\"@id\":\"https:\/\/www.lesassembleurs.fr\/#\/schema\/logo\/image\/\",\"url\":\"https:\/\/www.lesassembleurs.fr\/wp-content\/uploads\/2024\/01\/logo-les-assembleurs-1.svg\",\"contentUrl\":\"https:\/\/www.lesassembleurs.fr\/wp-content\/uploads\/2024\/01\/logo-les-assembleurs-1.svg\",\"width\":130,\"height\":130,\"caption\":\"Les Assembleurs - Restaurants\"},\"image\":{\"@id\":\"https:\/\/www.lesassembleurs.fr\/#\/schema\/logo\/image\/\"}}]}<\/script>\n<!-- \/ Yoast SEO plugin. -->","yoast_head_json":{"title":"Devenez franchis\u00e9 d'un restaurant \u00e0 Lyon | Les Assembleurs","description":"Devenez franchis\u00e9 du concept Les Assembleurs et partagez avec nous la passion du vin et de la restauration en cr\u00e9ant votre propre restaurant.","robots":{"index":"index","follow":"follow","max-snippet":"max-snippet:-1","max-image-preview":"max-image-preview:large","max-video-preview":"max-video-preview:-1"},"canonical":"https:\/\/www.lesassembleurs.fr\/en\/la-franchise\/","og_locale":"en_US","og_type":"article","og_title":"Devenez franchis\u00e9 d'un restaurant \u00e0 Lyon | Les Assembleurs","og_description":"Devenez franchis\u00e9 du concept Les Assembleurs et partagez avec nous la passion du vin et de la restauration en cr\u00e9ant votre propre restaurant.","og_url":"https:\/\/www.lesassembleurs.fr\/en\/la-franchise\/","og_site_name":"Les Assembleurs - Restaurants","article_modified_time":"2024-04-11T14:46:55+00:00","og_image":[{"url":"https:\/\/www.lesassembleurs.fr\/wp-content\/uploads\/2024\/01\/logo-les-assembleurs.svg"}],"twitter_card":"summary_large_image","twitter_misc":{"Est. reading time":"2 minutes"},"schema":{"@context":"https:\/\/schema.org","@graph":[{"@type":"WebPage","@id":"https:\/\/www.lesassembleurs.fr\/la-franchise\/","url":"https:\/\/www.lesassembleurs.fr\/la-franchise\/","name":"Devenez franchis\u00e9 d'un restaurant \u00e0 Lyon | Les Assembleurs","isPartOf":{"@id":"https:\/\/www.lesassembleurs.fr\/#website"},"primaryImageOfPage":{"@id":"https:\/\/www.lesassembleurs.fr\/la-franchise\/#primaryimage"},"image":{"@id":"https:\/\/www.lesassembleurs.fr\/la-franchise\/#primaryimage"},"thumbnailUrl":"https:\/\/www.lesassembleurs.fr\/wp-content\/uploads\/2024\/01\/logo-les-assembleurs.svg","datePublished":"2024-01-30T10:36:35+00:00","dateModified":"2024-04-11T14:46:55+00:00","description":"Devenez franchis\u00e9 du concept Les Assembleurs et partagez avec nous la passion du vin et de la restauration en cr\u00e9ant votre propre restaurant.","breadcrumb":{"@id":"https:\/\/www.lesassembleurs.fr\/la-franchise\/#breadcrumb"},"inLanguage":"en-US","potentialAction":[{"@type":"ReadAction","target":["https:\/\/www.lesassembleurs.fr\/la-franchise\/"]}]},{"@type":"ImageObject","inLanguage":"en-US","@id":"https:\/\/www.lesassembleurs.fr\/la-franchise\/#primaryimage","url":"https:\/\/www.lesassembleurs.fr\/wp-content\/uploads\/2024\/01\/logo-les-assembleurs.svg","contentUrl":"https:\/\/www.lesassembleurs.fr\/wp-content\/uploads\/2024\/01\/logo-les-assembleurs.svg"},{"@type":"BreadcrumbList","@id":"https:\/\/www.lesassembleurs.fr\/la-franchise\/#breadcrumb","itemListElement":[{"@type":"ListItem","position":1,"name":"Accueil","item":"https:\/\/www.lesassembleurs.fr\/"},{"@type":"ListItem","position":2,"name":"La Franchise"}]},{"@type":"WebSite","@id":"https:\/\/www.lesassembleurs.fr\/#website","url":"https:\/\/www.lesassembleurs.fr\/","name":"Les Assembleurs - Restaurants","description":"Bar \u00e0 vins - Restaurant \u00e0 Lyon, Les Assembleurs proposent une cuisine simple et gourmande pour d\u00e9jeuner et 18 assemblages de vins \u00e0 la tireuses \u00e0 d\u00e9couvrir dans une ambiance simple et conviviale.","publisher":{"@id":"https:\/\/www.lesassembleurs.fr\/#organization"},"potentialAction":[{"@type":"SearchAction","target":{"@type":"EntryPoint","urlTemplate":"https:\/\/www.lesassembleurs.fr\/?s={search_term_string}"},"query-input":"required name=search_term_string"}],"inLanguage":"en-US"},{"@type":"Organization","@id":"https:\/\/www.lesassembleurs.fr\/#organization","name":"Les Assembleurs - Restaurants","url":"https:\/\/www.lesassembleurs.fr\/","logo":{"@type":"ImageObject","inLanguage":"en-US","@id":"https:\/\/www.lesassembleurs.fr\/#\/schema\/logo\/image\/","url":"https:\/\/www.lesassembleurs.fr\/wp-content\/uploads\/2024\/01\/logo-les-assembleurs-1.svg","contentUrl":"https:\/\/www.lesassembleurs.fr\/wp-content\/uploads\/2024\/01\/logo-les-assembleurs-1.svg","width":130,"height":130,"caption":"Les Assembleurs - Restaurants"},"image":{"@id":"https:\/\/www.lesassembleurs.fr\/#\/schema\/logo\/image\/"}}]}},"_links":{"self":[{"href":"https:\/\/www.lesassembleurs.fr\/en\/wp-json\/wp\/v2\/pages\/58","targetHints":{"allow":["GET"]}}],"collection":[{"href":"https:\/\/www.lesassembleurs.fr\/en\/wp-json\/wp\/v2\/pages"}],"about":[{"href":"https:\/\/www.lesassembleurs.fr\/en\/wp-json\/wp\/v2\/types\/page"}],"author":[{"embeddable":true,"href":"https:\/\/www.lesassembleurs.fr\/en\/wp-json\/wp\/v2\/users\/1"}],"replies":[{"embeddable":true,"href":"https:\/\/www.lesassembleurs.fr\/en\/wp-json\/wp\/v2\/comments?post=58"}],"version-history":[{"count":0,"href":"https:\/\/www.lesassembleurs.fr\/en\/wp-json\/wp\/v2\/pages\/58\/revisions"}],"wp:attachment":[{"href":"https:\/\/www.lesassembleurs.fr\/en\/wp-json\/wp\/v2\/media?parent=58"}],"curies":[{"name":"wp","href":"https:\/\/api.w.org\/{rel}","templated":true}]}}