{"id":60,"date":"2024-01-30T11:36:46","date_gmt":"2024-01-30T10:36:46","guid":{"rendered":"https:\/\/lesassembleurs.asb-digital.fr\/?page_id=60"},"modified":"2024-04-11T17:20:43","modified_gmt":"2024-04-11T15:20:43","slug":"contact","status":"publish","type":"page","link":"https:\/\/www.lesassembleurs.fr\/en\/contact\/","title":{"rendered":"Contact"},"content":{"rendered":"<div data-elementor-type=\"wp-page\" data-elementor-id=\"60\" class=\"elementor elementor-60\" data-elementor-post-type=\"page\">\n\t\t\t\t\t\t<section class=\"elementor-section elementor-top-section elementor-element elementor-element-4b4927e elementor-section-height-min-height elementor-section-content-middle elementor-section-boxed elementor-section-height-default elementor-section-items-middle wpr-particle-no wpr-jarallax-no wpr-parallax-no wpr-sticky-section-no elementor-invisible\" data-id=\"4b4927e\" data-element_type=\"section\" data-settings=\"{&quot;background_background&quot;:&quot;slideshow&quot;,&quot;motion_fx_motion_fx_scrolling&quot;:&quot;yes&quot;,&quot;animation&quot;:&quot;fadeIn&quot;,&quot;background_slideshow_gallery&quot;:[{&quot;id&quot;:3017,&quot;url&quot;:&quot;https:\\\/\\\/www.lesassembleurs.fr\\\/wp-content\\\/uploads\\\/2024\\\/03\\\/contactez-les-assembleurs_03.jpg&quot;},{&quot;id&quot;:3016,&quot;url&quot;:&quot;https:\\\/\\\/www.lesassembleurs.fr\\\/wp-content\\\/uploads\\\/2024\\\/03\\\/contactez-les-assembleurs_02.jpg&quot;},{&quot;id&quot;:3015,&quot;url&quot;:&quot;https:\\\/\\\/www.lesassembleurs.fr\\\/wp-content\\\/uploads\\\/2024\\\/03\\\/contactez-les-assembleurs.jpg&quot;},{&quot;id&quot;:3014,&quot;url&quot;:&quot;https:\\\/\\\/www.lesassembleurs.fr\\\/wp-content\\\/uploads\\\/2024\\\/03\\\/contactez-les-assembleurs_04.jpg&quot;}],&quot;background_slideshow_transition_duration&quot;:1000,&quot;background_slideshow_lazyload&quot;:&quot;yes&quot;,&quot;background_slideshow_ken_burns&quot;:&quot;yes&quot;,&quot;background_slideshow_loop&quot;:&quot;yes&quot;,&quot;background_slideshow_slide_duration&quot;:5000,&quot;background_slideshow_slide_transition&quot;:&quot;fade&quot;,&quot;background_slideshow_ken_burns_zoom_direction&quot;:&quot;in&quot;,&quot;motion_fx_devices&quot;:[&quot;widescreen&quot;,&quot;desktop&quot;,&quot;laptop&quot;,&quot;tablet_extra&quot;,&quot;tablet&quot;,&quot;mobile_extra&quot;,&quot;mobile&quot;]}\">\n\t\t\t\t\t\t\t<div class=\"elementor-background-overlay\"><\/div>\n\t\t\t\t\t\t\t<div class=\"elementor-container elementor-column-gap-default\">\n\t\t\t\t\t<div class=\"elementor-column elementor-col-100 elementor-top-column elementor-element elementor-element-b788dc2\" data-id=\"b788dc2\" data-element_type=\"column\">\n\t\t\t<div class=\"elementor-widget-wrap elementor-element-populated\">\n\t\t\t\t\t\t<div class=\"elementor-element elementor-element-b86d348 elementor-invisible elementor-widget elementor-widget-image\" data-id=\"b86d348\" data-element_type=\"widget\" data-settings=\"{&quot;_animation&quot;:&quot;fadeIn&quot;}\" data-widget_type=\"image.default\">\n\t\t\t\t<div class=\"elementor-widget-container\">\n\t\t\t<style>\/*! elementor - v3.20.0 - 10-04-2024 *\/\n.elementor-widget-image{text-align:center}.elementor-widget-image a{display:inline-block}.elementor-widget-image a img[src$=\".svg\"]{width:48px}.elementor-widget-image img{vertical-align:middle;display:inline-block}<\/style>\t\t\t\t\t\t\t\t\t\t<img decoding=\"async\" width=\"130\" height=\"130\" src=\"https:\/\/www.lesassembleurs.fr\/wp-content\/uploads\/2024\/01\/logo-les-assembleurs.svg\" class=\"attachment-large size-large wp-image-27\" alt=\"Les Assembleurs\" \/>\t\t\t\t\t\t\t\t\t\t\t\t\t<\/div>\n\t\t\t\t<\/div>\n\t\t\t\t<div class=\"elementor-element elementor-element-3393da7 elementor-invisible elementor-widget elementor-widget-heading\" data-id=\"3393da7\" data-element_type=\"widget\" data-settings=\"{&quot;_animation&quot;:&quot;fadeInDown&quot;}\" data-widget_type=\"heading.default\">\n\t\t\t\t<div class=\"elementor-widget-container\">\n\t\t\t<style>\/*! elementor - v3.20.0 - 10-04-2024 *\/\n.elementor-heading-title{padding:0;margin:0;line-height:1}.elementor-widget-heading .elementor-heading-title[class*=elementor-size-]>a{color:inherit;font-size:inherit;line-height:inherit}.elementor-widget-heading .elementor-heading-title.elementor-size-small{font-size:15px}.elementor-widget-heading .elementor-heading-title.elementor-size-medium{font-size:19px}.elementor-widget-heading .elementor-heading-title.elementor-size-large{font-size:29px}.elementor-widget-heading .elementor-heading-title.elementor-size-xl{font-size:39px}.elementor-widget-heading .elementor-heading-title.elementor-size-xxl{font-size:59px}<\/style><h1 class=\"elementor-heading-title elementor-size-default\">Contact les assembleurs<\/h1>\t\t<\/div>\n\t\t\t\t<\/div>\n\t\t\t\t<div class=\"elementor-element elementor-element-e8d514c elementor-invisible elementor-widget elementor-widget-heading\" data-id=\"e8d514c\" data-element_type=\"widget\" data-settings=\"{&quot;_animation&quot;:&quot;fadeInUp&quot;}\" data-widget_type=\"heading.default\">\n\t\t\t\t<div class=\"elementor-widget-container\">\n\t\t\t<h2 class=\"elementor-heading-title elementor-size-default\">Contact Les Assembleurs<\/h2>\t\t<\/div>\n\t\t\t\t<\/div>\n\t\t\t\t\t<\/div>\n\t\t<\/div>\n\t\t\t\t\t<\/div>\n\t\t<\/section>\n\t\t\t\t<section class=\"elementor-section elementor-top-section elementor-element elementor-element-cb4f14c elementor-section-boxed elementor-section-height-default elementor-section-height-default wpr-particle-no wpr-jarallax-no wpr-parallax-no wpr-sticky-section-no\" data-id=\"cb4f14c\" data-element_type=\"section\">\n\t\t\t\t\t\t<div class=\"elementor-container elementor-column-gap-default\">\n\t\t\t\t\t<div class=\"elementor-column elementor-col-100 elementor-top-column elementor-element elementor-element-34669e9\" data-id=\"34669e9\" data-element_type=\"column\">\n\t\t\t<div class=\"elementor-widget-wrap elementor-element-populated\">\n\t\t\t\t\t\t<div class=\"elementor-element elementor-element-64279ba elementor-align-center elementor-widget elementor-widget-breadcrumbs\" data-id=\"64279ba\" data-element_type=\"widget\" data-widget_type=\"breadcrumbs.default\">\n\t\t\t\t<div class=\"elementor-widget-container\">\n\t\t\t<link rel=\"stylesheet\" href=\"https:\/\/www.lesassembleurs.fr\/wp-content\/plugins\/elementor-pro\/assets\/css\/widget-theme-elements.min.css\"><div id=\"breadcrumbs\"><span><span><a href=\"https:\/\/www.lesassembleurs.fr\/en\/\">Home<\/a><\/span><\/span><\/div>\t\t<\/div>\n\t\t\t\t<\/div>\n\t\t\t\t<div class=\"elementor-element elementor-element-ec0745a elementor-widget elementor-widget-text-editor\" data-id=\"ec0745a\" data-element_type=\"widget\" data-widget_type=\"text-editor.default\">\n\t\t\t\t<div class=\"elementor-widget-container\">\n\t\t\t<style>\/*! elementor - v3.20.0 - 10-04-2024 *\/\n.elementor-widget-text-editor.elementor-drop-cap-view-stacked .elementor-drop-cap{background-color:#69727d;color:#fff}.elementor-widget-text-editor.elementor-drop-cap-view-framed .elementor-drop-cap{color:#69727d;border:3px solid;background-color:transparent}.elementor-widget-text-editor:not(.elementor-drop-cap-view-default) .elementor-drop-cap{margin-top:8px}.elementor-widget-text-editor:not(.elementor-drop-cap-view-default) .elementor-drop-cap-letter{width:1em;height:1em}.elementor-widget-text-editor .elementor-drop-cap{float:left;text-align:center;line-height:1;font-size:50px}.elementor-widget-text-editor .elementor-drop-cap-letter{display:inline-block}<\/style>\t\t\t\t<p><strong><span class=\"inline-emoji\" data-tooltip-type=\"text\" data-tooltip=\":warning:\" data-text=\"\u26a0\ufe0f\">\u26a0\ufe0f<\/span> WARNING <span class=\"inline-emoji\" data-tooltip-type=\"text\" data-tooltip=\":warning:\" data-text=\"\u26a0\ufe0f\">\u26a0\ufe0f<\/span> <br \/>We only validate group bookings (+ 6 people) and general information requests on this form. To reserve a table, click on the \"Reserve\" button in the main menu.<\/strong><\/p>\t\t\t\t\t\t<\/div>\n\t\t\t\t<\/div>\n\t\t\t\t<div class=\"elementor-element elementor-element-c54dbc7 elementor-widget elementor-widget-shortcode\" data-id=\"c54dbc7\" data-element_type=\"widget\" data-widget_type=\"shortcode.default\">\n\t\t\t\t<div class=\"elementor-widget-container\">\n\t\t\t\t\t<div class=\"elementor-shortcode\"><div class=\"forminator-ui forminator-custom-form forminator-custom-form-1324 forminator-design--flat  forminator_ajax\" data-forminator-render=\"0\" data-form=\"forminator-module-1324\" data-uid=\"69f517730b942\"><br\/><\/div><form\n\t\t\t\tid=\"forminator-module-1324\"\n\t\t\t\tclass=\"forminator-ui forminator-custom-form forminator-custom-form-1324 forminator-design--flat  forminator_ajax\"\n\t\t\t\tmethod=\"post\"\n\t\t\t\tdata-forminator-render=\"0\"\n\t\t\t\tdata-form-id=\"1324\"\n\t\t\t\t\n\t\t\t\tdata-design=\"flat\"\n\t\t\t\t\n\t\t\t\t\n\t\t\t\t\n\t\t\t\tdata-grid=\"open\"\n\t\t\t\t\n\t\t\t\t\n\t\t\t\tstyle=\"display: none;\"\n\t\t\t\t\n\t\t\t\tdata-uid=\"69f517730b942\" action=\"\"\n\t\t\t><div role=\"alert\" aria-live=\"polite\" class=\"forminator-response-message forminator-error\" aria-hidden=\"true\"><\/div><div class=\"forminator-row\"><div id=\"name-1\" class=\"forminator-field-name forminator-col forminator-col-6\"><div class=\"forminator-field\"><label for=\"forminator-field-name-1_69f517730b942\" id=\"forminator-field-name-1_69f517730b942-label\" class=\"forminator-label\">Last Name <span class=\"forminator-required\">*<\/span><\/label><input type=\"text\" name=\"name-1\" value=\"\" placeholder=\"\" id=\"forminator-field-name-1_69f517730b942\" class=\"forminator-input forminator-name--field\" aria-required=\"true\" \/><\/div><\/div><div id=\"name-2\" class=\"forminator-field-name forminator-col forminator-col-6\"><div class=\"forminator-field\"><label for=\"forminator-field-name-2_69f517730b942\" id=\"forminator-field-name-2_69f517730b942-label\" class=\"forminator-label\">First name<\/label><input type=\"text\" name=\"name-2\" value=\"\" placeholder=\"\" id=\"forminator-field-name-2_69f517730b942\" class=\"forminator-input forminator-name--field\" aria-required=\"false\" \/><\/div><\/div><\/div><div class=\"forminator-row\"><div id=\"email-1\" class=\"forminator-field-email forminator-col forminator-col-6\"><div class=\"forminator-field\"><label for=\"forminator-field-email-1_69f517730b942\" id=\"forminator-field-email-1_69f517730b942-label\" class=\"forminator-label\">Email <span class=\"forminator-required\">*<\/span><\/label><input type=\"email\" name=\"email-1\" value=\"\" placeholder=\"\" id=\"forminator-field-email-1_69f517730b942\" class=\"forminator-input forminator-email--field\" data-required=\"true\" aria-required=\"true\" \/><\/div><\/div><div id=\"phone-1\" class=\"forminator-field-phone forminator-col forminator-col-6\"><div class=\"forminator-field\"><label for=\"forminator-field-phone-1_69f517730b942\" id=\"forminator-field-phone-1_69f517730b942-label\" class=\"forminator-label\">Phone Number <span class=\"forminator-required\">*<\/span><\/label><input type=\"text\" name=\"phone-1\" value=\"\" placeholder=\"\" id=\"forminator-field-phone-1_69f517730b942\" class=\"forminator-input forminator-field--phone\" data-required=\"1\" aria-required=\"true\" autocomplete=\"off\" \/><\/div><\/div><\/div><div class=\"forminator-row\"><div id=\"select-1\" class=\"forminator-field-select forminator-col forminator-col-12\"><div class=\"forminator-field\"><label for=\"forminator-form-1324__field--select-1_69f517730b942\" id=\"forminator-form-1324__field--select-1_69f517730b942-label\" class=\"forminator-label\">Location concerned<\/label><select id=\"forminator-form-1324__field--select-1_69f517730b942\" class=\"forminator-select--field forminator-select2\" data-required=\"\" name=\"select-1\" data-default-value=\"Choisissez-un-restaurant\" data-hidden-behavior=\"zero\" data-placeholder=\"\" data-search=\"false\" aria-labelledby=\"forminator-form-1324__field--select-1_69f517730b942-label\" aria-describedby=\"forminator-form-1324__field--select-1_69f517730b942-description\"><option value=\"Choisissez-un-restaurant\" selected=\"selected\" data-calculation=\"0\">Choose a restaurant<\/option><option value=\"Peu-importe\"  data-calculation=\"0\">No matter<\/option><option value=\"one\"  data-calculation=\"0\">Les Assembleurs - Garibaldi<\/option><option value=\"two\"  data-calculation=\"0\">Les Assembleurs - Pr\u00e9fecture<\/option><\/select><\/div><\/div><\/div><div class=\"forminator-row\"><div id=\"select-2\" class=\"forminator-field-select forminator-col forminator-col-12\"><div class=\"forminator-field\"><label for=\"forminator-form-1324__field--select-2_69f517730b942\" id=\"forminator-form-1324__field--select-2_69f517730b942-label\" class=\"forminator-label\">Object of the request<\/label><select id=\"forminator-form-1324__field--select-2_69f517730b942\" class=\"forminator-select--field forminator-select2\" data-required=\"\" name=\"select-2\" data-default-value=\"\" data-hidden-behavior=\"zero\" data-placeholder=\"\" data-search=\"false\" aria-labelledby=\"forminator-form-1324__field--select-2_69f517730b942-label\" aria-describedby=\"forminator-form-1324__field--select-2_69f517730b942-description\"><option value=\"one\"  data-calculation=\"0\">Information request<\/option><option value=\"two\"  data-calculation=\"0\">Group reservations<\/option><option value=\"Recrutement\"  data-calculation=\"0\">Recruitment<\/option><option value=\"La-Franchise\"  data-calculation=\"0\">Franchise<\/option><\/select><\/div><\/div><\/div><div class=\"forminator-row\"><div id=\"textarea-1\" class=\"forminator-field-textarea forminator-col forminator-col-12\"><div class=\"forminator-field\"><label for=\"forminator-field-textarea-1_69f517730b942\" id=\"forminator-field-textarea-1_69f517730b942-label\" class=\"forminator-label\">Your message<\/label><textarea name=\"textarea-1\" placeholder=\"\" id=\"forminator-field-textarea-1_69f517730b942\" class=\"forminator-textarea\" rows=\"6\" style=\"min-height:140px;\" ><\/textarea><\/div><\/div><\/div><div class=\"forminator-row\"><div id=\"consent-1\" class=\"forminator-field-consent forminator-col forminator-col-12\"><div class=\"forminator-field\"><div class=\"forminator-checkbox__wrapper\"><label for=\"forminator-field-consent-1_69f517730b942\" id=\"forminator-field-consent-1_69f517730b942__label\" class=\"forminator-checkbox forminator-consent\" style=\"margin: 0;\"><input type=\"checkbox\" name=\"consent-1\" id=\"forminator-field-consent-1_69f517730b942\" value=\"checked\" aria-labelledby=\"forminator-field-consent-1_69f517730b942-label\" aria-describedby=\"forminator-field-consent-1_69f517730b942__description\" data-required=\"true\" aria-required=\"true\" \/><span class=\"forminator-checkbox-box\" aria-hidden=\"true\"><\/span><\/label><div id=\"forminator-field-consent-1_69f517730b942__description\" class=\"forminator-checkbox__label forminator-consent__label\"><p>I accept the <a rel=\"noopener\" target=\"_blank\" href=\"https:\/\/www.lesassembleurs.fr\/en\/confidentialite\/\" title=\"\">site privacy policy<\/a> <span class=\"forminator-required\">*<\/span><\/p><\/div><\/div><\/div><\/div><\/div><div class=\"forminator-row\"><div id=\"html-1\" class=\"forminator-field-html forminator-col forminator-col-12  text-confidentialite\"><div class=\"forminator-field forminator-merge-tags\" data-field=\"html-1\"><p><em>The information collected from this form is required to process your request. It is recorded and transmitted to the Assembleurs departments in charge of processing it. You have the right to access, rectify and object to data concerning you, which you may exercise by sending an e-mail to communication@lesassembleurs.com.<\/em><\/p><\/div><\/div><\/div><div class=\"forminator-row\"><div id=\"captcha-1\" class=\"forminator-field-captcha forminator-col forminator-col-12\"><div class=\"forminator-g-recaptcha recaptcha-invisible\" data-theme=\"light\" data-badge=\"inline\" data-sitekey=\"6Lfa1pQpAAAAAMJylwRBzhIXWmhcAITaRSVbR6CA\" data-size=\"invisible\"><\/div> <\/div><\/div><input type=\"hidden\" name=\"referer_url\" value=\"\" \/><div class=\"forminator-row forminator-row-last\"><div class=\"forminator-col\"><div class=\"forminator-field\"><button class=\"forminator-button forminator-button-submit\">Send message<\/button><\/div><\/div><\/div><input type=\"hidden\" id=\"forminator_nonce\" name=\"forminator_nonce\" value=\"d6e0160028\" \/><input type=\"hidden\" name=\"_wp_http_referer\" value=\"\/en\/wp-json\/wp\/v2\/pages\/60\" \/><input type=\"hidden\" name=\"form_id\" value=\"1324\"><input type=\"hidden\" name=\"page_id\" value=\"60\"><input type=\"hidden\" name=\"form_type\" value=\"default\"><input type=\"hidden\" name=\"current_url\" value=\"https:\/\/www.lesassembleurs.fr\/en\/contact\/\"><input type=\"hidden\" name=\"render_id\" value=\"0\"><input type=\"hidden\" name=\"action\" value=\"forminator_submit_form_custom-forms\"><label for=\"input_9\" class=\"forminator-hidden\" aria-hidden=\"true\">Please do not fill in this field. <input id=\"input_9\" type=\"text\" name=\"input_9\" value=\"\" autocomplete=\"off\"><\/label><input type=\"hidden\" name=\"trp-form-language\" value=\"en\"\/><\/form><\/div>\n\t\t\t\t<\/div>\n\t\t\t\t<\/div>\n\t\t\t\t\t<\/div>\n\t\t<\/div>\n\t\t\t\t\t<\/div>\n\t\t<\/section>\n\t\t\t\t<\/div>","protected":false},"excerpt":{"rendered":"<p>Contact les assembleurs Contactez Les Assembleurs \u26a0\ufe0f ATTENTION \u26a0\ufe0f Nous validons uniquement les r\u00e9servations de groupes (+ de 6 personnes) et les demandes d\u2019informations g\u00e9n\u00e9rales sur ce formulaire. Pour r\u00e9server une table, cliquez sur le bouton \u201cR\u00e9servez\u201d dans le menu principal.<\/p>","protected":false},"author":1,"featured_media":0,"parent":0,"menu_order":0,"comment_status":"closed","ping_status":"closed","template":"","meta":{"footnotes":""},"class_list":["post-60","page","type-page","status-publish","hentry"],"yoast_head":"<!-- This site is optimized with the Yoast SEO plugin v22.4 - https:\/\/yoast.com\/wordpress\/plugins\/seo\/ -->\n<title>R\u00e9servation de groupe restaurant \u00e0 Lyon - Les Assembleurs<\/title>\n<meta name=\"description\" content=\"Vous souhaitez r\u00e9server une table pour un groupe ou vous avez une demande d&#039;informations ? Contactez Les Assembleurs restaurants \u00e0 Lyon\" \/>\n<meta name=\"robots\" content=\"index, follow, max-snippet:-1, max-image-preview:large, max-video-preview:-1\" \/>\n<link rel=\"canonical\" href=\"https:\/\/www.lesassembleurs.fr\/en\/contact\/\" \/>\n<meta property=\"og:locale\" content=\"en_US\" \/>\n<meta property=\"og:type\" content=\"article\" \/>\n<meta property=\"og:title\" content=\"R\u00e9servation de groupe restaurant \u00e0 Lyon - Les Assembleurs\" \/>\n<meta property=\"og:description\" content=\"Vous souhaitez r\u00e9server une table pour un groupe ou vous avez une demande d&#039;informations ? Contactez Les Assembleurs restaurants \u00e0 Lyon\" \/>\n<meta property=\"og:url\" content=\"https:\/\/www.lesassembleurs.fr\/en\/contact\/\" \/>\n<meta property=\"og:site_name\" content=\"Les Assembleurs - Restaurants\" \/>\n<meta property=\"article:modified_time\" content=\"2024-04-11T15:20:43+00:00\" \/>\n<meta property=\"og:image\" content=\"https:\/\/www.lesassembleurs.fr\/wp-content\/uploads\/2024\/01\/logo-les-assembleurs.svg\" \/>\n<meta name=\"twitter:card\" content=\"summary_large_image\" \/>\n<meta name=\"twitter:label1\" content=\"Est. reading time\" \/>\n\t<meta name=\"twitter:data1\" content=\"1 minute\" \/>\n<script type=\"application\/ld+json\" class=\"yoast-schema-graph\">{\"@context\":\"https:\/\/schema.org\",\"@graph\":[{\"@type\":\"WebPage\",\"@id\":\"https:\/\/www.lesassembleurs.fr\/contact\/\",\"url\":\"https:\/\/www.lesassembleurs.fr\/contact\/\",\"name\":\"R\u00e9servation de groupe restaurant \u00e0 Lyon - Les Assembleurs\",\"isPartOf\":{\"@id\":\"https:\/\/www.lesassembleurs.fr\/#website\"},\"primaryImageOfPage\":{\"@id\":\"https:\/\/www.lesassembleurs.fr\/contact\/#primaryimage\"},\"image\":{\"@id\":\"https:\/\/www.lesassembleurs.fr\/contact\/#primaryimage\"},\"thumbnailUrl\":\"https:\/\/www.lesassembleurs.fr\/wp-content\/uploads\/2024\/01\/logo-les-assembleurs.svg\",\"datePublished\":\"2024-01-30T10:36:46+00:00\",\"dateModified\":\"2024-04-11T15:20:43+00:00\",\"description\":\"Vous souhaitez r\u00e9server une table pour un groupe ou vous avez une demande d'informations ? Contactez Les Assembleurs restaurants \u00e0 Lyon\",\"breadcrumb\":{\"@id\":\"https:\/\/www.lesassembleurs.fr\/contact\/#breadcrumb\"},\"inLanguage\":\"en-US\",\"potentialAction\":[{\"@type\":\"ReadAction\",\"target\":[\"https:\/\/www.lesassembleurs.fr\/contact\/\"]}]},{\"@type\":\"ImageObject\",\"inLanguage\":\"en-US\",\"@id\":\"https:\/\/www.lesassembleurs.fr\/contact\/#primaryimage\",\"url\":\"https:\/\/www.lesassembleurs.fr\/wp-content\/uploads\/2024\/01\/logo-les-assembleurs.svg\",\"contentUrl\":\"https:\/\/www.lesassembleurs.fr\/wp-content\/uploads\/2024\/01\/logo-les-assembleurs.svg\"},{\"@type\":\"BreadcrumbList\",\"@id\":\"https:\/\/www.lesassembleurs.fr\/contact\/#breadcrumb\",\"itemListElement\":[{\"@type\":\"ListItem\",\"position\":1,\"name\":\"Accueil\",\"item\":\"https:\/\/www.lesassembleurs.fr\/\"},{\"@type\":\"ListItem\",\"position\":2,\"name\":\"Contact\"}]},{\"@type\":\"WebSite\",\"@id\":\"https:\/\/www.lesassembleurs.fr\/#website\",\"url\":\"https:\/\/www.lesassembleurs.fr\/\",\"name\":\"Les Assembleurs - Restaurants\",\"description\":\"Bar \u00e0 vins - Restaurant \u00e0 Lyon, Les Assembleurs proposent une cuisine simple et gourmande pour d\u00e9jeuner et 18 assemblages de vins \u00e0 la tireuses \u00e0 d\u00e9couvrir dans une ambiance simple et conviviale.\",\"publisher\":{\"@id\":\"https:\/\/www.lesassembleurs.fr\/#organization\"},\"potentialAction\":[{\"@type\":\"SearchAction\",\"target\":{\"@type\":\"EntryPoint\",\"urlTemplate\":\"https:\/\/www.lesassembleurs.fr\/?s={search_term_string}\"},\"query-input\":\"required name=search_term_string\"}],\"inLanguage\":\"en-US\"},{\"@type\":\"Organization\",\"@id\":\"https:\/\/www.lesassembleurs.fr\/#organization\",\"name\":\"Les Assembleurs - Restaurants\",\"url\":\"https:\/\/www.lesassembleurs.fr\/\",\"logo\":{\"@type\":\"ImageObject\",\"inLanguage\":\"en-US\",\"@id\":\"https:\/\/www.lesassembleurs.fr\/#\/schema\/logo\/image\/\",\"url\":\"https:\/\/www.lesassembleurs.fr\/wp-content\/uploads\/2024\/01\/logo-les-assembleurs-1.svg\",\"contentUrl\":\"https:\/\/www.lesassembleurs.fr\/wp-content\/uploads\/2024\/01\/logo-les-assembleurs-1.svg\",\"width\":130,\"height\":130,\"caption\":\"Les Assembleurs - Restaurants\"},\"image\":{\"@id\":\"https:\/\/www.lesassembleurs.fr\/#\/schema\/logo\/image\/\"}}]}<\/script>\n<!-- \/ Yoast SEO plugin. -->","yoast_head_json":{"title":"R\u00e9servation de groupe restaurant \u00e0 Lyon - Les Assembleurs","description":"Vous souhaitez r\u00e9server une table pour un groupe ou vous avez une demande d'informations ? Contactez Les Assembleurs restaurants \u00e0 Lyon","robots":{"index":"index","follow":"follow","max-snippet":"max-snippet:-1","max-image-preview":"max-image-preview:large","max-video-preview":"max-video-preview:-1"},"canonical":"https:\/\/www.lesassembleurs.fr\/en\/contact\/","og_locale":"en_US","og_type":"article","og_title":"R\u00e9servation de groupe restaurant \u00e0 Lyon - Les Assembleurs","og_description":"Vous souhaitez r\u00e9server une table pour un groupe ou vous avez une demande d'informations ? Contactez Les Assembleurs restaurants \u00e0 Lyon","og_url":"https:\/\/www.lesassembleurs.fr\/en\/contact\/","og_site_name":"Les Assembleurs - Restaurants","article_modified_time":"2024-04-11T15:20:43+00:00","og_image":[{"url":"https:\/\/www.lesassembleurs.fr\/wp-content\/uploads\/2024\/01\/logo-les-assembleurs.svg"}],"twitter_card":"summary_large_image","twitter_misc":{"Est. reading time":"1 minute"},"schema":{"@context":"https:\/\/schema.org","@graph":[{"@type":"WebPage","@id":"https:\/\/www.lesassembleurs.fr\/contact\/","url":"https:\/\/www.lesassembleurs.fr\/contact\/","name":"R\u00e9servation de groupe restaurant \u00e0 Lyon - Les Assembleurs","isPartOf":{"@id":"https:\/\/www.lesassembleurs.fr\/#website"},"primaryImageOfPage":{"@id":"https:\/\/www.lesassembleurs.fr\/contact\/#primaryimage"},"image":{"@id":"https:\/\/www.lesassembleurs.fr\/contact\/#primaryimage"},"thumbnailUrl":"https:\/\/www.lesassembleurs.fr\/wp-content\/uploads\/2024\/01\/logo-les-assembleurs.svg","datePublished":"2024-01-30T10:36:46+00:00","dateModified":"2024-04-11T15:20:43+00:00","description":"Vous souhaitez r\u00e9server une table pour un groupe ou vous avez une demande d'informations ? Contactez Les Assembleurs restaurants \u00e0 Lyon","breadcrumb":{"@id":"https:\/\/www.lesassembleurs.fr\/contact\/#breadcrumb"},"inLanguage":"en-US","potentialAction":[{"@type":"ReadAction","target":["https:\/\/www.lesassembleurs.fr\/contact\/"]}]},{"@type":"ImageObject","inLanguage":"en-US","@id":"https:\/\/www.lesassembleurs.fr\/contact\/#primaryimage","url":"https:\/\/www.lesassembleurs.fr\/wp-content\/uploads\/2024\/01\/logo-les-assembleurs.svg","contentUrl":"https:\/\/www.lesassembleurs.fr\/wp-content\/uploads\/2024\/01\/logo-les-assembleurs.svg"},{"@type":"BreadcrumbList","@id":"https:\/\/www.lesassembleurs.fr\/contact\/#breadcrumb","itemListElement":[{"@type":"ListItem","position":1,"name":"Accueil","item":"https:\/\/www.lesassembleurs.fr\/"},{"@type":"ListItem","position":2,"name":"Contact"}]},{"@type":"WebSite","@id":"https:\/\/www.lesassembleurs.fr\/#website","url":"https:\/\/www.lesassembleurs.fr\/","name":"Les Assembleurs - Restaurants","description":"Bar \u00e0 vins - Restaurant \u00e0 Lyon, Les Assembleurs proposent une cuisine simple et gourmande pour d\u00e9jeuner et 18 assemblages de vins \u00e0 la tireuses \u00e0 d\u00e9couvrir dans une ambiance simple et conviviale.","publisher":{"@id":"https:\/\/www.lesassembleurs.fr\/#organization"},"potentialAction":[{"@type":"SearchAction","target":{"@type":"EntryPoint","urlTemplate":"https:\/\/www.lesassembleurs.fr\/?s={search_term_string}"},"query-input":"required name=search_term_string"}],"inLanguage":"en-US"},{"@type":"Organization","@id":"https:\/\/www.lesassembleurs.fr\/#organization","name":"Les Assembleurs - Restaurants","url":"https:\/\/www.lesassembleurs.fr\/","logo":{"@type":"ImageObject","inLanguage":"en-US","@id":"https:\/\/www.lesassembleurs.fr\/#\/schema\/logo\/image\/","url":"https:\/\/www.lesassembleurs.fr\/wp-content\/uploads\/2024\/01\/logo-les-assembleurs-1.svg","contentUrl":"https:\/\/www.lesassembleurs.fr\/wp-content\/uploads\/2024\/01\/logo-les-assembleurs-1.svg","width":130,"height":130,"caption":"Les Assembleurs - Restaurants"},"image":{"@id":"https:\/\/www.lesassembleurs.fr\/#\/schema\/logo\/image\/"}}]}},"_links":{"self":[{"href":"https:\/\/www.lesassembleurs.fr\/en\/wp-json\/wp\/v2\/pages\/60","targetHints":{"allow":["GET"]}}],"collection":[{"href":"https:\/\/www.lesassembleurs.fr\/en\/wp-json\/wp\/v2\/pages"}],"about":[{"href":"https:\/\/www.lesassembleurs.fr\/en\/wp-json\/wp\/v2\/types\/page"}],"author":[{"embeddable":true,"href":"https:\/\/www.lesassembleurs.fr\/en\/wp-json\/wp\/v2\/users\/1"}],"replies":[{"embeddable":true,"href":"https:\/\/www.lesassembleurs.fr\/en\/wp-json\/wp\/v2\/comments?post=60"}],"version-history":[{"count":0,"href":"https:\/\/www.lesassembleurs.fr\/en\/wp-json\/wp\/v2\/pages\/60\/revisions"}],"wp:attachment":[{"href":"https:\/\/www.lesassembleurs.fr\/en\/wp-json\/wp\/v2\/media?parent=60"}],"curies":[{"name":"wp","href":"https:\/\/api.w.org\/{rel}","templated":true}]}}