{"id":62,"date":"2024-01-30T11:36:54","date_gmt":"2024-01-30T10:36:54","guid":{"rendered":"https:\/\/lesassembleurs.asb-digital.fr\/?page_id=62"},"modified":"2024-04-09T13:49:59","modified_gmt":"2024-04-09T11:49:59","slug":"mentions-legales","status":"publish","type":"page","link":"https:\/\/www.lesassembleurs.fr\/en\/mentions-legales\/","title":{"rendered":"Legal Information"},"content":{"rendered":"<div data-elementor-type=\"wp-page\" data-elementor-id=\"62\" class=\"elementor elementor-62\" data-elementor-post-type=\"page\">\n\t\t\t\t\t\t<section class=\"elementor-section elementor-top-section elementor-element elementor-element-05b151c elementor-section-height-min-height elementor-section-content-middle elementor-section-boxed elementor-section-height-default elementor-section-items-middle wpr-particle-no wpr-jarallax-no wpr-parallax-no wpr-sticky-section-no elementor-invisible\" data-id=\"05b151c\" data-element_type=\"section\" data-settings=\"{&quot;background_background&quot;:&quot;classic&quot;,&quot;motion_fx_motion_fx_scrolling&quot;:&quot;yes&quot;,&quot;animation&quot;:&quot;fadeIn&quot;,&quot;motion_fx_devices&quot;:[&quot;widescreen&quot;,&quot;desktop&quot;,&quot;laptop&quot;,&quot;tablet_extra&quot;,&quot;tablet&quot;,&quot;mobile_extra&quot;,&quot;mobile&quot;]}\">\n\t\t\t\t\t\t\t<div class=\"elementor-background-overlay\"><\/div>\n\t\t\t\t\t\t\t<div class=\"elementor-container elementor-column-gap-default\">\n\t\t\t\t\t<div class=\"elementor-column elementor-col-100 elementor-top-column elementor-element elementor-element-00565e9\" data-id=\"00565e9\" data-element_type=\"column\">\n\t\t\t<div class=\"elementor-widget-wrap elementor-element-populated\">\n\t\t\t\t\t\t<div class=\"elementor-element elementor-element-7f1cf2f elementor-invisible elementor-widget elementor-widget-image\" data-id=\"7f1cf2f\" data-element_type=\"widget\" data-settings=\"{&quot;_animation&quot;:&quot;fadeIn&quot;}\" data-widget_type=\"image.default\">\n\t\t\t\t<div class=\"elementor-widget-container\">\n\t\t\t<style>\/*! elementor - v3.20.0 - 10-04-2024 *\/\n.elementor-widget-image{text-align:center}.elementor-widget-image a{display:inline-block}.elementor-widget-image a img[src$=\".svg\"]{width:48px}.elementor-widget-image img{vertical-align:middle;display:inline-block}<\/style>\t\t\t\t\t\t\t\t\t\t<img decoding=\"async\" width=\"130\" height=\"130\" src=\"https:\/\/www.lesassembleurs.fr\/wp-content\/uploads\/2024\/03\/logo-les-assembleurs-white-wine.svg\" class=\"attachment-large size-large wp-image-2329\" alt=\"Logo blanc - Les Assembleurs\" \/>\t\t\t\t\t\t\t\t\t\t\t\t\t<\/div>\n\t\t\t\t<\/div>\n\t\t\t\t<div class=\"elementor-element elementor-element-1008a2d elementor-invisible elementor-widget elementor-widget-heading\" data-id=\"1008a2d\" data-element_type=\"widget\" data-settings=\"{&quot;_animation&quot;:&quot;fadeInDown&quot;}\" data-widget_type=\"heading.default\">\n\t\t\t\t<div class=\"elementor-widget-container\">\n\t\t\t<style>\/*! elementor - v3.20.0 - 10-04-2024 *\/\n.elementor-heading-title{padding:0;margin:0;line-height:1}.elementor-widget-heading .elementor-heading-title[class*=elementor-size-]>a{color:inherit;font-size:inherit;line-height:inherit}.elementor-widget-heading .elementor-heading-title.elementor-size-small{font-size:15px}.elementor-widget-heading .elementor-heading-title.elementor-size-medium{font-size:19px}.elementor-widget-heading .elementor-heading-title.elementor-size-large{font-size:29px}.elementor-widget-heading .elementor-heading-title.elementor-size-xl{font-size:39px}.elementor-widget-heading .elementor-heading-title.elementor-size-xxl{font-size:59px}<\/style><h1 class=\"elementor-heading-title elementor-size-default\">Les Assembleurs<\/h1>\t\t<\/div>\n\t\t\t\t<\/div>\n\t\t\t\t<div class=\"elementor-element elementor-element-160094f elementor-invisible elementor-widget elementor-widget-heading\" data-id=\"160094f\" data-element_type=\"widget\" data-settings=\"{&quot;_animation&quot;:&quot;fadeInUp&quot;}\" data-widget_type=\"heading.default\">\n\t\t\t\t<div class=\"elementor-widget-container\">\n\t\t\t<h1 class=\"elementor-heading-title elementor-size-default\">Legal Information<\/h1>\t\t<\/div>\n\t\t\t\t<\/div>\n\t\t\t\t\t<\/div>\n\t\t<\/div>\n\t\t\t\t\t<\/div>\n\t\t<\/section>\n\t\t\t\t<section class=\"elementor-section elementor-top-section elementor-element elementor-element-417e860 elementor-section-boxed elementor-section-height-default elementor-section-height-default wpr-particle-no wpr-jarallax-no wpr-parallax-no wpr-sticky-section-no\" data-id=\"417e860\" data-element_type=\"section\">\n\t\t\t\t\t\t<div class=\"elementor-container elementor-column-gap-default\">\n\t\t\t\t\t<div class=\"elementor-column elementor-col-100 elementor-top-column elementor-element elementor-element-e9ead7f\" data-id=\"e9ead7f\" data-element_type=\"column\">\n\t\t\t<div class=\"elementor-widget-wrap elementor-element-populated\">\n\t\t\t\t\t\t<div class=\"elementor-element elementor-element-bce1942 elementor-widget elementor-widget-breadcrumbs\" data-id=\"bce1942\" data-element_type=\"widget\" data-widget_type=\"breadcrumbs.default\">\n\t\t\t\t<div class=\"elementor-widget-container\">\n\t\t\t<link rel=\"stylesheet\" href=\"https:\/\/www.lesassembleurs.fr\/wp-content\/plugins\/elementor-pro\/assets\/css\/widget-theme-elements.min.css\"><div id=\"breadcrumbs\"><span><span><a href=\"https:\/\/www.lesassembleurs.fr\/en\/\">Home<\/a><\/span><\/span><\/div>\t\t<\/div>\n\t\t\t\t<\/div>\n\t\t\t\t<div class=\"elementor-element elementor-element-6136946 elementor-widget elementor-widget-heading\" data-id=\"6136946\" data-element_type=\"widget\" data-widget_type=\"heading.default\">\n\t\t\t\t<div class=\"elementor-widget-container\">\n\t\t\t<h2 class=\"elementor-heading-title elementor-size-default\">1. Site presentation<\/h2>\t\t<\/div>\n\t\t\t\t<\/div>\n\t\t\t\t<div class=\"elementor-element elementor-element-8701041 elementor-widget elementor-widget-text-editor\" data-id=\"8701041\" data-element_type=\"widget\" data-widget_type=\"text-editor.default\">\n\t\t\t\t<div class=\"elementor-widget-container\">\n\t\t\t<style>\/*! elementor - v3.20.0 - 10-04-2024 *\/\n.elementor-widget-text-editor.elementor-drop-cap-view-stacked .elementor-drop-cap{background-color:#69727d;color:#fff}.elementor-widget-text-editor.elementor-drop-cap-view-framed .elementor-drop-cap{color:#69727d;border:3px solid;background-color:transparent}.elementor-widget-text-editor:not(.elementor-drop-cap-view-default) .elementor-drop-cap{margin-top:8px}.elementor-widget-text-editor:not(.elementor-drop-cap-view-default) .elementor-drop-cap-letter{width:1em;height:1em}.elementor-widget-text-editor .elementor-drop-cap{float:left;text-align:center;line-height:1;font-size:50px}.elementor-widget-text-editor .elementor-drop-cap-letter{display:inline-block}<\/style>\t\t\t\t<p><b>LES ASSEMBLEURS RESTAURANTS<br \/><\/b><br \/><b>SIRET<\/b>\u00a0: 84492297100032<br \/><b>SIREN<\/b>\u00a0: 844922971<br \/><b>RCS<\/b>\u00a0: Lyon B 844 922 971<\/p><p><b>Address<\/b>\u00a0: 13, boulevard Edmond Michelet &#8211; 69008 LYON<br \/><b>Phone Number<\/b>\u00a0: 06 23 96 04 51<br \/><b>Mail<\/b>\u00a0:\u00a0<a href=\"obfsm:YW50b2luZW9yYW5AbGVzYXNzZW1ibGV1cnMuZnI=\">antoineoran@lesassembleurs.fr<\/a><\/p><p><b>Publication manager<\/b>\u00a0: Antoine ORAN<br \/>The person responsible for publication is an individual or a legal entity.<\/p><p><b>Website Creation<\/b> : L\u00f6 Design &#8211; Laure MOREY &#8211; <a href=\"https:\/\/www.laure-morey.com\/\" target=\"_blank\" rel=\"noopener\">www.laure-morey.com<\/a><br \/><b>Webmaster<\/b> : L\u00f6 Design &#8211; Laure MOREY &#8211; <a href=\"https:\/\/www.laure-morey.com\/\" target=\"_blank\" rel=\"noopener\">www.laure-morey.com<\/a><br \/><b>Host<\/b>\u00a0: OVH SAS \u2013 2 rue Kellermann 59100 Roubaix, France<\/p>\t\t\t\t\t\t<\/div>\n\t\t\t\t<\/div>\n\t\t\t\t<div class=\"elementor-element elementor-element-c3b3ee4 elementor-widget elementor-widget-heading\" data-id=\"c3b3ee4\" data-element_type=\"widget\" data-widget_type=\"heading.default\">\n\t\t\t\t<div class=\"elementor-widget-container\">\n\t\t\t<h3 class=\"elementor-heading-title elementor-size-default\">2. General terms and conditions of use of the site and the services offered\n<\/h3>\t\t<\/div>\n\t\t\t\t<\/div>\n\t\t\t\t<div class=\"elementor-element elementor-element-269a02c elementor-widget elementor-widget-text-editor\" data-id=\"269a02c\" data-element_type=\"widget\" data-widget_type=\"text-editor.default\">\n\t\t\t\t<div class=\"elementor-widget-container\">\n\t\t\t\t\t\t\t<p>Use of the site <a href=\"https:\/\/www.lesassembleurs.fr\/en\/\">https:\/\/www.lesassembleurs.fr<\/a>\u00a0implies full acceptance of the general conditions of use described below, which may be amended or supplemented at any time. Users are therefore advised to consult them regularly. Similarly, the contents of this site are updated regularly by the publication manager.<\/p>\t\t\t\t\t\t<\/div>\n\t\t\t\t<\/div>\n\t\t\t\t<div class=\"elementor-element elementor-element-7a519d3 elementor-widget elementor-widget-heading\" data-id=\"7a519d3\" data-element_type=\"widget\" data-widget_type=\"heading.default\">\n\t\t\t\t<div class=\"elementor-widget-container\">\n\t\t\t<h3 class=\"elementor-heading-title elementor-size-default\">3. Description of services provided<\/h3>\t\t<\/div>\n\t\t\t\t<\/div>\n\t\t\t\t<div class=\"elementor-element elementor-element-9b4d6b8 elementor-widget elementor-widget-text-editor\" data-id=\"9b4d6b8\" data-element_type=\"widget\" data-widget_type=\"text-editor.default\">\n\t\t\t\t<div class=\"elementor-widget-container\">\n\t\t\t\t\t\t\t<p>The purpose of this website is to provide information about the company's activities. The publication manager endeavors to provide information on the website that is as accurate as possible. However, it cannot be held responsible for any omissions, inaccuracies or failure to update information, whether due to its own fault or that of third-party partners who supply it.<\/p><p>All information on this website is provided for information only, and is subject to change. Furthermore, the information contained herein is not exhaustive. It is subject to modifications having been made since it was put on line.<\/p>\t\t\t\t\t\t<\/div>\n\t\t\t\t<\/div>\n\t\t\t\t<div class=\"elementor-element elementor-element-e9f6741 elementor-widget elementor-widget-heading\" data-id=\"e9f6741\" data-element_type=\"widget\" data-widget_type=\"heading.default\">\n\t\t\t\t<div class=\"elementor-widget-container\">\n\t\t\t<h3 class=\"elementor-heading-title elementor-size-default\">4. Contractual limitations on technical data<\/h3>\t\t<\/div>\n\t\t\t\t<\/div>\n\t\t\t\t<div class=\"elementor-element elementor-element-6ac77e3 elementor-widget elementor-widget-text-editor\" data-id=\"6ac77e3\" data-element_type=\"widget\" data-widget_type=\"text-editor.default\">\n\t\t\t\t<div class=\"elementor-widget-container\">\n\t\t\t\t\t\t\t<p>This website uses JavaScript technology.<\/p><p>This website cannot be held responsible for any material damage resulting from use of the site. In addition, the user of the site undertakes to access the site using recent, virus-free equipment with the latest generation of up-to-date browsers.<\/p>\t\t\t\t\t\t<\/div>\n\t\t\t\t<\/div>\n\t\t\t\t<div class=\"elementor-element elementor-element-b632266 elementor-widget elementor-widget-heading\" data-id=\"b632266\" data-element_type=\"widget\" data-widget_type=\"heading.default\">\n\t\t\t\t<div class=\"elementor-widget-container\">\n\t\t\t<h3 class=\"elementor-heading-title elementor-size-default\">5. Intellectual property and counterfeiting<\/h3>\t\t<\/div>\n\t\t\t\t<\/div>\n\t\t\t\t<div class=\"elementor-element elementor-element-81e5c4b elementor-widget elementor-widget-text-editor\" data-id=\"81e5c4b\" data-element_type=\"widget\" data-widget_type=\"text-editor.default\">\n\t\t\t\t<div class=\"elementor-widget-container\">\n\t\t\t\t\t\t\t<p>The publication manager is the owner of the intellectual property rights or holds the rights of use on all the elements accessible on the site (texts, images, videos... Any reproduction, representation, modification, publication, adaptation of all or part of the elements of the site, is prohibited, except prior written authorization of the publication manager.<\/p>\t\t\t\t\t\t<\/div>\n\t\t\t\t<\/div>\n\t\t\t\t<div class=\"elementor-element elementor-element-3a87181 elementor-widget elementor-widget-heading\" data-id=\"3a87181\" data-element_type=\"widget\" data-widget_type=\"heading.default\">\n\t\t\t\t<div class=\"elementor-widget-container\">\n\t\t\t<h3 class=\"elementor-heading-title elementor-size-default\">6. Personal data management<\/h3>\t\t<\/div>\n\t\t\t\t<\/div>\n\t\t\t\t<div class=\"elementor-element elementor-element-8230767 elementor-widget elementor-widget-text-editor\" data-id=\"8230767\" data-element_type=\"widget\" data-widget_type=\"text-editor.default\">\n\t\t\t\t<div class=\"elementor-widget-container\">\n\t\t\t\t\t\t\t<p>When using this website, the following information may be collected: the URL of the links through which the user has accessed the site, the user's Internet protocol (IP) address. In any event, the publication manager only collects personal information relating to the user for the purposes of certain services offered by the site, such as a contact form or an account area, or for site statistics tools. No personal information concerning the user of the site is published without the user's knowledge, nor is it exchanged, transferred, assigned or sold on any medium whatsoever to third parties.<\/p><p>In accordance with Articles 38 et seq. of the French Data Protection Act 78-17 of January 6, 1978, all users have the right to access, rectify and object to any personal data concerning them, by sending a written and signed request, together with a copy of the identity document bearing the signature of the holder of the document, by post as indicated above, or directly by e-mail to\u00a0<a href=\"obfsm:YW50b2luZW9yYW5AbGVzYXNzZW1ibGV1cnMuZnI=\">antoineoran@lesassembleurs.fr<\/a>.<\/p><p>Read the page\u00a0<a href=\"https:\/\/www.lesassembleurs.fr\/en\/confidentialite\/\" target=\"_blank\" rel=\"noopener\">Confidentiality<\/a><\/p>\t\t\t\t\t\t<\/div>\n\t\t\t\t<\/div>\n\t\t\t\t<div class=\"elementor-element elementor-element-82512e7 elementor-widget elementor-widget-heading\" data-id=\"82512e7\" data-element_type=\"widget\" data-widget_type=\"heading.default\">\n\t\t\t\t<div class=\"elementor-widget-container\">\n\t\t\t<h3 class=\"elementor-heading-title elementor-size-default\">6. Hyperlinks and cookies<\/h3>\t\t<\/div>\n\t\t\t\t<\/div>\n\t\t\t\t<div class=\"elementor-element elementor-element-832b530 elementor-widget elementor-widget-text-editor\" data-id=\"832b530\" data-element_type=\"widget\" data-widget_type=\"text-editor.default\">\n\t\t\t\t<div class=\"elementor-widget-container\">\n\t\t\t\t\t\t\t<p>Ce site internet peut contenir des liens hypertextes vers d&rsquo;autres sites, mis en place avec l&rsquo;autorisation du responsable de publication. Cependant, il n&rsquo;a pas la possibilit\u00e9 de v\u00e9rifier le contenu des sites ainsi visit\u00e9s, et n&rsquo;assumera en cons\u00e9quence aucune responsabilit\u00e9 de ce fait.<\/p><p>Browsing the site may cause cookies to be installed on the user's computer. A cookie is a small file which does not allow the user to be identified, but which records information relating to the navigation of a computer on a site. The data obtained in this way is intended to facilitate subsequent browsing of the site, and is also used to measure visitor numbers.<\/p><p>If you refuse to install a cookie, you may not be able to access certain services. However, users can configure their computers as follows: to refuse the installation of cookies, you can manage your preferences via the cookie banner provided at the start of site navigation, or modify this setting directly via your browser configuration. (cf. for Chrome, Firefox, Safari...).<\/p>\t\t\t\t\t\t<\/div>\n\t\t\t\t<\/div>\n\t\t\t\t\t<\/div>\n\t\t<\/div>\n\t\t\t\t\t<\/div>\n\t\t<\/section>\n\t\t\t\t<\/div>","protected":false},"excerpt":{"rendered":"<p>Les Assembleurs Mentions l\u00e9gales 1. Pr\u00e9sentation du site LES ASSEMBLEURS RESTAURANTSSIRET\u00a0: 84492297100032SIREN\u00a0: 844922971RCS\u00a0: Lyon B 844 922 971 Adresse\u00a0: 13, boulevard Edmond Michelet &#8211; 69008 LYONT\u00e9l.\u00a0: 06 23 96 04 51Mail\u00a0:\u00a0antoineoran@lesassembleurs.fr Responsable publication\u00a0: Antoine ORANLe responsable publication est une personne physique ou une personne morale. Cr\u00e9ation : L\u00f6 Design &#8211; Laure MOREY &#8211; www.laure-morey.comWebmaster : [&hellip;]<\/p>","protected":false},"author":1,"featured_media":0,"parent":0,"menu_order":0,"comment_status":"closed","ping_status":"closed","template":"","meta":{"footnotes":""},"class_list":["post-62","page","type-page","status-publish","hentry"],"yoast_head":"<!-- This site is optimized with the Yoast SEO plugin v22.4 - https:\/\/yoast.com\/wordpress\/plugins\/seo\/ -->\n<title>Toutes les informations l\u00e9gales - Les Assembleurs Restaurant Lyon<\/title>\n<meta name=\"description\" content=\"D\u00e9couvrez toutes les mentions et informations l\u00e9gales du site internet de la franchise Les Assembleurs, bar \u00e0 vin et restaurant \u00e0 Lyon.\" \/>\n<meta name=\"robots\" content=\"index, follow, max-snippet:-1, max-image-preview:large, max-video-preview:-1\" \/>\n<link rel=\"canonical\" href=\"https:\/\/www.lesassembleurs.fr\/en\/mentions-legales\/\" \/>\n<meta property=\"og:locale\" content=\"en_US\" \/>\n<meta property=\"og:type\" content=\"article\" \/>\n<meta property=\"og:title\" content=\"Toutes les informations l\u00e9gales - Les Assembleurs Restaurant Lyon\" \/>\n<meta property=\"og:description\" content=\"D\u00e9couvrez toutes les mentions et informations l\u00e9gales du site internet de la franchise Les Assembleurs, bar \u00e0 vin et restaurant \u00e0 Lyon.\" \/>\n<meta property=\"og:url\" content=\"https:\/\/www.lesassembleurs.fr\/en\/mentions-legales\/\" \/>\n<meta property=\"og:site_name\" content=\"Les Assembleurs - Restaurants\" \/>\n<meta property=\"article:modified_time\" content=\"2024-04-09T11:49:59+00:00\" \/>\n<meta property=\"og:image\" content=\"https:\/\/www.lesassembleurs.fr\/wp-content\/uploads\/2024\/03\/logo-les-assembleurs-white-wine.svg\" \/>\n<meta name=\"twitter:card\" content=\"summary_large_image\" \/>\n<meta name=\"twitter:label1\" content=\"Est. reading time\" \/>\n\t<meta name=\"twitter:data1\" content=\"4 minutes\" \/>\n<script type=\"application\/ld+json\" class=\"yoast-schema-graph\">{\"@context\":\"https:\/\/schema.org\",\"@graph\":[{\"@type\":\"WebPage\",\"@id\":\"https:\/\/www.lesassembleurs.fr\/mentions-legales\/\",\"url\":\"https:\/\/www.lesassembleurs.fr\/mentions-legales\/\",\"name\":\"Toutes les informations l\u00e9gales - Les Assembleurs Restaurant Lyon\",\"isPartOf\":{\"@id\":\"https:\/\/www.lesassembleurs.fr\/#website\"},\"primaryImageOfPage\":{\"@id\":\"https:\/\/www.lesassembleurs.fr\/mentions-legales\/#primaryimage\"},\"image\":{\"@id\":\"https:\/\/www.lesassembleurs.fr\/mentions-legales\/#primaryimage\"},\"thumbnailUrl\":\"https:\/\/www.lesassembleurs.fr\/wp-content\/uploads\/2024\/03\/logo-les-assembleurs-white-wine.svg\",\"datePublished\":\"2024-01-30T10:36:54+00:00\",\"dateModified\":\"2024-04-09T11:49:59+00:00\",\"description\":\"D\u00e9couvrez toutes les mentions et informations l\u00e9gales du site internet de la franchise Les Assembleurs, bar \u00e0 vin et restaurant \u00e0 Lyon.\",\"breadcrumb\":{\"@id\":\"https:\/\/www.lesassembleurs.fr\/mentions-legales\/#breadcrumb\"},\"inLanguage\":\"en-US\",\"potentialAction\":[{\"@type\":\"ReadAction\",\"target\":[\"https:\/\/www.lesassembleurs.fr\/mentions-legales\/\"]}]},{\"@type\":\"ImageObject\",\"inLanguage\":\"en-US\",\"@id\":\"https:\/\/www.lesassembleurs.fr\/mentions-legales\/#primaryimage\",\"url\":\"https:\/\/www.lesassembleurs.fr\/wp-content\/uploads\/2024\/03\/logo-les-assembleurs-white-wine.svg\",\"contentUrl\":\"https:\/\/www.lesassembleurs.fr\/wp-content\/uploads\/2024\/03\/logo-les-assembleurs-white-wine.svg\"},{\"@type\":\"BreadcrumbList\",\"@id\":\"https:\/\/www.lesassembleurs.fr\/mentions-legales\/#breadcrumb\",\"itemListElement\":[{\"@type\":\"ListItem\",\"position\":1,\"name\":\"Accueil\",\"item\":\"https:\/\/www.lesassembleurs.fr\/\"},{\"@type\":\"ListItem\",\"position\":2,\"name\":\"Mentions l\u00e9gales\"}]},{\"@type\":\"WebSite\",\"@id\":\"https:\/\/www.lesassembleurs.fr\/#website\",\"url\":\"https:\/\/www.lesassembleurs.fr\/\",\"name\":\"Les Assembleurs - Restaurants\",\"description\":\"Bar \u00e0 vins - Restaurant \u00e0 Lyon, Les Assembleurs proposent une cuisine simple et gourmande pour d\u00e9jeuner et 18 assemblages de vins \u00e0 la tireuses \u00e0 d\u00e9couvrir dans une ambiance simple et conviviale.\",\"publisher\":{\"@id\":\"https:\/\/www.lesassembleurs.fr\/#organization\"},\"potentialAction\":[{\"@type\":\"SearchAction\",\"target\":{\"@type\":\"EntryPoint\",\"urlTemplate\":\"https:\/\/www.lesassembleurs.fr\/?s={search_term_string}\"},\"query-input\":\"required name=search_term_string\"}],\"inLanguage\":\"en-US\"},{\"@type\":\"Organization\",\"@id\":\"https:\/\/www.lesassembleurs.fr\/#organization\",\"name\":\"Les Assembleurs - Restaurants\",\"url\":\"https:\/\/www.lesassembleurs.fr\/\",\"logo\":{\"@type\":\"ImageObject\",\"inLanguage\":\"en-US\",\"@id\":\"https:\/\/www.lesassembleurs.fr\/#\/schema\/logo\/image\/\",\"url\":\"https:\/\/www.lesassembleurs.fr\/wp-content\/uploads\/2024\/01\/logo-les-assembleurs-1.svg\",\"contentUrl\":\"https:\/\/www.lesassembleurs.fr\/wp-content\/uploads\/2024\/01\/logo-les-assembleurs-1.svg\",\"width\":130,\"height\":130,\"caption\":\"Les Assembleurs - Restaurants\"},\"image\":{\"@id\":\"https:\/\/www.lesassembleurs.fr\/#\/schema\/logo\/image\/\"}}]}<\/script>\n<!-- \/ Yoast SEO plugin. -->","yoast_head_json":{"title":"Toutes les informations l\u00e9gales - Les Assembleurs Restaurant Lyon","description":"D\u00e9couvrez toutes les mentions et informations l\u00e9gales du site internet de la franchise Les Assembleurs, bar \u00e0 vin et restaurant \u00e0 Lyon.","robots":{"index":"index","follow":"follow","max-snippet":"max-snippet:-1","max-image-preview":"max-image-preview:large","max-video-preview":"max-video-preview:-1"},"canonical":"https:\/\/www.lesassembleurs.fr\/en\/mentions-legales\/","og_locale":"en_US","og_type":"article","og_title":"Toutes les informations l\u00e9gales - Les Assembleurs Restaurant Lyon","og_description":"D\u00e9couvrez toutes les mentions et informations l\u00e9gales du site internet de la franchise Les Assembleurs, bar \u00e0 vin et restaurant \u00e0 Lyon.","og_url":"https:\/\/www.lesassembleurs.fr\/en\/mentions-legales\/","og_site_name":"Les Assembleurs - Restaurants","article_modified_time":"2024-04-09T11:49:59+00:00","og_image":[{"url":"https:\/\/www.lesassembleurs.fr\/wp-content\/uploads\/2024\/03\/logo-les-assembleurs-white-wine.svg"}],"twitter_card":"summary_large_image","twitter_misc":{"Est. reading time":"4 minutes"},"schema":{"@context":"https:\/\/schema.org","@graph":[{"@type":"WebPage","@id":"https:\/\/www.lesassembleurs.fr\/mentions-legales\/","url":"https:\/\/www.lesassembleurs.fr\/mentions-legales\/","name":"Toutes les informations l\u00e9gales - Les Assembleurs Restaurant Lyon","isPartOf":{"@id":"https:\/\/www.lesassembleurs.fr\/#website"},"primaryImageOfPage":{"@id":"https:\/\/www.lesassembleurs.fr\/mentions-legales\/#primaryimage"},"image":{"@id":"https:\/\/www.lesassembleurs.fr\/mentions-legales\/#primaryimage"},"thumbnailUrl":"https:\/\/www.lesassembleurs.fr\/wp-content\/uploads\/2024\/03\/logo-les-assembleurs-white-wine.svg","datePublished":"2024-01-30T10:36:54+00:00","dateModified":"2024-04-09T11:49:59+00:00","description":"D\u00e9couvrez toutes les mentions et informations l\u00e9gales du site internet de la franchise Les Assembleurs, bar \u00e0 vin et restaurant \u00e0 Lyon.","breadcrumb":{"@id":"https:\/\/www.lesassembleurs.fr\/mentions-legales\/#breadcrumb"},"inLanguage":"en-US","potentialAction":[{"@type":"ReadAction","target":["https:\/\/www.lesassembleurs.fr\/mentions-legales\/"]}]},{"@type":"ImageObject","inLanguage":"en-US","@id":"https:\/\/www.lesassembleurs.fr\/mentions-legales\/#primaryimage","url":"https:\/\/www.lesassembleurs.fr\/wp-content\/uploads\/2024\/03\/logo-les-assembleurs-white-wine.svg","contentUrl":"https:\/\/www.lesassembleurs.fr\/wp-content\/uploads\/2024\/03\/logo-les-assembleurs-white-wine.svg"},{"@type":"BreadcrumbList","@id":"https:\/\/www.lesassembleurs.fr\/mentions-legales\/#breadcrumb","itemListElement":[{"@type":"ListItem","position":1,"name":"Accueil","item":"https:\/\/www.lesassembleurs.fr\/"},{"@type":"ListItem","position":2,"name":"Mentions l\u00e9gales"}]},{"@type":"WebSite","@id":"https:\/\/www.lesassembleurs.fr\/#website","url":"https:\/\/www.lesassembleurs.fr\/","name":"Les Assembleurs - Restaurants","description":"Bar \u00e0 vins - Restaurant \u00e0 Lyon, Les Assembleurs proposent une cuisine simple et gourmande pour d\u00e9jeuner et 18 assemblages de vins \u00e0 la tireuses \u00e0 d\u00e9couvrir dans une ambiance simple et conviviale.","publisher":{"@id":"https:\/\/www.lesassembleurs.fr\/#organization"},"potentialAction":[{"@type":"SearchAction","target":{"@type":"EntryPoint","urlTemplate":"https:\/\/www.lesassembleurs.fr\/?s={search_term_string}"},"query-input":"required name=search_term_string"}],"inLanguage":"en-US"},{"@type":"Organization","@id":"https:\/\/www.lesassembleurs.fr\/#organization","name":"Les Assembleurs - Restaurants","url":"https:\/\/www.lesassembleurs.fr\/","logo":{"@type":"ImageObject","inLanguage":"en-US","@id":"https:\/\/www.lesassembleurs.fr\/#\/schema\/logo\/image\/","url":"https:\/\/www.lesassembleurs.fr\/wp-content\/uploads\/2024\/01\/logo-les-assembleurs-1.svg","contentUrl":"https:\/\/www.lesassembleurs.fr\/wp-content\/uploads\/2024\/01\/logo-les-assembleurs-1.svg","width":130,"height":130,"caption":"Les Assembleurs - Restaurants"},"image":{"@id":"https:\/\/www.lesassembleurs.fr\/#\/schema\/logo\/image\/"}}]}},"_links":{"self":[{"href":"https:\/\/www.lesassembleurs.fr\/en\/wp-json\/wp\/v2\/pages\/62","targetHints":{"allow":["GET"]}}],"collection":[{"href":"https:\/\/www.lesassembleurs.fr\/en\/wp-json\/wp\/v2\/pages"}],"about":[{"href":"https:\/\/www.lesassembleurs.fr\/en\/wp-json\/wp\/v2\/types\/page"}],"author":[{"embeddable":true,"href":"https:\/\/www.lesassembleurs.fr\/en\/wp-json\/wp\/v2\/users\/1"}],"replies":[{"embeddable":true,"href":"https:\/\/www.lesassembleurs.fr\/en\/wp-json\/wp\/v2\/comments?post=62"}],"version-history":[{"count":0,"href":"https:\/\/www.lesassembleurs.fr\/en\/wp-json\/wp\/v2\/pages\/62\/revisions"}],"wp:attachment":[{"href":"https:\/\/www.lesassembleurs.fr\/en\/wp-json\/wp\/v2\/media?parent=62"}],"curies":[{"name":"wp","href":"https:\/\/api.w.org\/{rel}","templated":true}]}}